{"id":400,"date":"2016-07-15T19:01:55","date_gmt":"2016-07-15T19:01:55","guid":{"rendered":"http:\/\/svr.richterreudern.de\/?page_id=400"},"modified":"2025-05-23T10:16:55","modified_gmt":"2025-05-23T08:16:55","slug":"geschaeftsstelle","status":"publish","type":"page","link":"https:\/\/svreudern.de\/?page_id=400","title":{"rendered":"Gesch\u00e4ftsstelle"},"content":{"rendered":"<div class=\"entry-content\">\n<div class=\"entry-content\">\n<p><img loading=\"lazy\" decoding=\"async\" class=\"size-medium wp-image-976 aligncenter\" src=\"http:\/\/svreudern.de\/wp-content\/uploads\/2018\/03\/20180318_141100-300x169.jpg\" alt=\"\" width=\"300\" height=\"169\" srcset=\"https:\/\/svreudern.de\/wp-content\/uploads\/2018\/03\/20180318_141100-300x169.jpg 300w, https:\/\/svreudern.de\/wp-content\/uploads\/2018\/03\/20180318_141100-768x432.jpg 768w, https:\/\/svreudern.de\/wp-content\/uploads\/2018\/03\/20180318_141100-1024x576.jpg 1024w, https:\/\/svreudern.de\/wp-content\/uploads\/2018\/03\/20180318_141100.jpg 1280w\" sizes=\"auto, (max-width: 300px) 100vw, 300px\" \/>F\u00fcr alle Dinge rund um Mitgliederbetreuung steht die Gesch\u00e4ftsstelle des SV Reudern ab dem 14. Mai 2025 neu in der H\u00fclenbergstra\u00dfe 79 (im Sportheim) in N\u00fcrtingen-Reudern zur Verf\u00fcgung.<br \/>\nDort k\u00f6nnen alle Dinge, die die Mitgliederverwaltung angehen, geregelt werden.<\/p>\n<p>\u00d6ffnungszeiten jeweils <strong>mittwochs von 18 bis 19 Uhr<\/strong>.<\/p>\n<p>Birgit Wolfer, Leiterin Gesch\u00e4ftsstelle, freut sich auf Ihr Kommen.<\/p>\n<p>Gesch\u00e4ftsstelle SV Reudern<br \/>\nH\u00fclenbergstra\u00dfe 79<br \/>\n72622 N\u00fcrtingen-Reudern<br \/>\nBirgit Wolfer<br \/>\n<a>Mail:\u00a0 <\/a><a class=\"mail\" title=\"\u00d6ffnet ein Fenster zum Versenden der E-Mail\" href=\"mailto:info@svreudern.de\">info@svreudern.de<\/a><br \/>\nTelefon: 07022-9316477<\/p>\n<\/div>\n<\/div>\n","protected":false},"excerpt":{"rendered":"<p>F\u00fcr alle Dinge rund um Mitgliederbetreuung steht die Gesch\u00e4ftsstelle des SV Reudern ab dem 14. Mai 2025 neu in der H\u00fclenbergstra\u00dfe 79 (im Sportheim) in N\u00fcrtingen-Reudern zur Verf\u00fcgung. Dort k\u00f6nnen alle Dinge, die die Mitgliederverwaltung angehen, geregelt werden. \u00d6ffnungszeiten jeweils <a class=\"more-link\" href=\"https:\/\/svreudern.de\/?page_id=400\">weiterlesen&#8230;<\/a><\/p>\n","protected":false},"author":5,"featured_media":0,"parent":0,"menu_order":1,"comment_status":"closed","ping_status":"closed","template":"","meta":{"_mc_calendar":[],"footnotes":"","_links_to":"","_links_to_target":""},"class_list":["post-400","page","type-page","status-publish","hentry"],"_links":{"self":[{"href":"https:\/\/svreudern.de\/index.php?rest_route=\/wp\/v2\/pages\/400","targetHints":{"allow":["GET"]}}],"collection":[{"href":"https:\/\/svreudern.de\/index.php?rest_route=\/wp\/v2\/pages"}],"about":[{"href":"https:\/\/svreudern.de\/index.php?rest_route=\/wp\/v2\/types\/page"}],"author":[{"embeddable":true,"href":"https:\/\/svreudern.de\/index.php?rest_route=\/wp\/v2\/users\/5"}],"replies":[{"embeddable":true,"href":"https:\/\/svreudern.de\/index.php?rest_route=%2Fwp%2Fv2%2Fcomments&post=400"}],"version-history":[{"count":10,"href":"https:\/\/svreudern.de\/index.php?rest_route=\/wp\/v2\/pages\/400\/revisions"}],"predecessor-version":[{"id":2467,"href":"https:\/\/svreudern.de\/index.php?rest_route=\/wp\/v2\/pages\/400\/revisions\/2467"}],"wp:attachment":[{"href":"https:\/\/svreudern.de\/index.php?rest_route=%2Fwp%2Fv2%2Fmedia&parent=400"}],"curies":[{"name":"wp","href":"https:\/\/api.w.org\/{rel}","templated":true}]}}