{"id":402,"date":"2016-07-15T19:02:53","date_gmt":"2016-07-15T19:02:53","guid":{"rendered":"http:\/\/svr.richterreudern.de\/?page_id=402"},"modified":"2025-11-10T18:25:30","modified_gmt":"2025-11-10T17:25:30","slug":"sportheim","status":"publish","type":"page","link":"https:\/\/svreudern.de\/?page_id=402","title":{"rendered":"Sportheim f\u00fcr Veranstaltungen"},"content":{"rendered":"<p>Sie suchen eine Lokalit\u00e4t f\u00fcr Geburtstage, Jubil\u00e4en und sonstige Feiern? Da h\u00e4tten wir etwas f\u00fcr Sie:<br \/>\nUnser Sportheim steht f\u00fcr alle Events mit bis zu 100 Personen zur Verf\u00fcgung. Betreut von unserer\u00a0 Sportheimp\u00e4chterin Jasmin Haug, genie\u00dfen Sie in entspannter Atmosph\u00e4re Ihre Festivit\u00e4t.<br \/>\nUnser Sportheim liegt am Ortsrand von N\u00fcrtingen-Reudern, daher auch kein Problem, sollte Ihre Feier etwas lauter bzw. l\u00e4nger werden.<br \/>\nUnser Sportheim im \u00dcberblick:<\/p>\n<ul>\n<li>Geeignet f\u00fcr bis zu 100 Personen<\/li>\n<li>Gro\u00dfer Parkplatz<\/li>\n<li>l\u00e4rmunkritisch<\/li>\n<li>Idyllisch gelegen direkt am Waldgebiet &#8220;B\u00fcrgerseen&#8221;<\/li>\n<\/ul>\n<p>Wir haben Ihr Interesse geweckt?<br \/>\nWeitere Infos zur Terminabsprache, Essensauswahl und mehr erteilt unsere Sportheimwirtin <strong>Jasmin &#8220;Mine&#8221; Haug<\/strong> unter mzwo.orga@gmail.com<\/p>\n<p><strong>\u00d6ffnungszeiten:<\/strong><\/p>\n<p>Das Sportheim hat ab sofort zu folgenden Zeiten ge\u00f6ffnet: (Stand Nov. 2025)<\/p>\n<p><strong>Montag<\/strong>: von 17:00 bis 22:00 Uhr<br \/>\n<strong>Dienstag<\/strong> geschlossen<br \/>\n<strong>Mittwoch<\/strong> von 17:00 bis 22:00 Uhr<br \/>\n<strong>Donnerstag<\/strong> von 17:00 bis 22:00 Uhr<br \/>\n<strong>Freitag<\/strong> geschlossen<\/p>\n<p><strong>Samstag<\/strong> von 11:30 bis 22:00 Uhr<br \/>\n<strong>Sonntag<\/strong> von 10:30 bis 18:00 Uhr<\/p>\n<p>&nbsp;<\/p>\n<p>&nbsp;<\/p>\n<p>&nbsp;<\/p>\n","protected":false},"excerpt":{"rendered":"<p>Sie suchen eine Lokalit\u00e4t f\u00fcr Geburtstage, Jubil\u00e4en und sonstige Feiern? Da h\u00e4tten wir etwas f\u00fcr Sie: Unser Sportheim steht f\u00fcr alle Events mit bis zu 100 Personen zur Verf\u00fcgung. Betreut von unserer\u00a0 Sportheimp\u00e4chterin Jasmin Haug, genie\u00dfen Sie in entspannter Atmosph\u00e4re <a class=\"more-link\" href=\"https:\/\/svreudern.de\/?page_id=402\">weiterlesen&#8230;<\/a><\/p>\n","protected":false},"author":5,"featured_media":0,"parent":0,"menu_order":2,"comment_status":"closed","ping_status":"closed","template":"","meta":{"_mc_calendar":[],"footnotes":"","_links_to":"","_links_to_target":""},"class_list":["post-402","page","type-page","status-publish","hentry"],"_links":{"self":[{"href":"https:\/\/svreudern.de\/index.php?rest_route=\/wp\/v2\/pages\/402","targetHints":{"allow":["GET"]}}],"collection":[{"href":"https:\/\/svreudern.de\/index.php?rest_route=\/wp\/v2\/pages"}],"about":[{"href":"https:\/\/svreudern.de\/index.php?rest_route=\/wp\/v2\/types\/page"}],"author":[{"embeddable":true,"href":"https:\/\/svreudern.de\/index.php?rest_route=\/wp\/v2\/users\/5"}],"replies":[{"embeddable":true,"href":"https:\/\/svreudern.de\/index.php?rest_route=%2Fwp%2Fv2%2Fcomments&post=402"}],"version-history":[{"count":26,"href":"https:\/\/svreudern.de\/index.php?rest_route=\/wp\/v2\/pages\/402\/revisions"}],"predecessor-version":[{"id":2502,"href":"https:\/\/svreudern.de\/index.php?rest_route=\/wp\/v2\/pages\/402\/revisions\/2502"}],"wp:attachment":[{"href":"https:\/\/svreudern.de\/index.php?rest_route=%2Fwp%2Fv2%2Fmedia&parent=402"}],"curies":[{"name":"wp","href":"https:\/\/api.w.org\/{rel}","templated":true}]}}