{"id":1068,"date":"2019-02-16T08:34:23","date_gmt":"2019-02-16T08:34:23","guid":{"rendered":"http:\/\/www.sportvereinreudern.de\/leichtathletik\/?page_id=1068"},"modified":"2026-04-19T13:38:34","modified_gmt":"2026-04-19T13:38:34","slug":"badminton","status":"publish","type":"page","link":"https:\/\/svreudern.de\/leichtathletik\/?page_id=1068","title":{"rendered":"Badminton Erwachsene"},"content":{"rendered":"\n<p><strong>Wann: freitags von 19 bis 21 Uhr<\/strong><br><strong>Leiter: Frank Reichel-Froese<\/strong><\/p>\n\n\n\n<p>Badminton ist ein sehr schneller Sport mit hoher Laufintensit\u00e4t und kurzen Reaktionszeiten. Man schl\u00e4gt dabei einen Federball \u00fcber ein Netz auf die gegnerische Seite und versucht dort den Ball auf den Boden zu bekommen. Als Turniersport geht es beim Badminton um Punkte und ist nicht mit dem landl\u00e4ufigen Federball gleichzusetzen. Unsere Trainingszeit versteht sich als offenes Spiel f\u00fcr Jedermann.<\/p>\n\n\n\n<p><strong>Kosten:<\/strong> F\u00fcr Mitglieder frei. Alle Nichtmitglieder d\u00fcrfen sehr gerne nach Herzenslust mehrmals ausprobieren. Bei dauerhafter Teilnahme ist eine Vereinsmitgliedschaft n\u00f6tig.<\/p>\n\n\n\n<p><strong>Kontaktdaten bei Interesse:<\/strong><br>Frank Reichel-Froese<br>webleichtathletik(a)svreudern.de<\/p>\n\n\n\n<figure class=\"wp-block-image size-full\"><img loading=\"eager\" decoding=\"async\" width=\"539\" height=\"720\" src=\"https:\/\/svreudern.de\/leichtathletik\/wp-content\/uploads\/2026\/04\/Badmintonball-1.jpg\" alt=\"\" class=\"wp-image-2293\" srcset=\"https:\/\/svreudern.de\/leichtathletik\/wp-content\/uploads\/2026\/04\/Badmintonball-1.jpg 539w, https:\/\/svreudern.de\/leichtathletik\/wp-content\/uploads\/2026\/04\/Badmintonball-1-225x300.jpg 225w\" sizes=\"(max-width: 539px) 100vw, 539px\" \/><\/figure>\n","protected":false},"excerpt":{"rendered":"<p>Wann: freitags von 19 bis 21 UhrLeiter: Frank Reichel-Froese Badminton ist ein sehr schneller Sport mit hoher Laufintensit\u00e4t und kurzen Reaktionszeiten. Man schl\u00e4gt dabei einen Federball \u00fcber ein Netz auf die gegnerische Seite und versucht dort den Ball auf den Boden zu bekommen. Als Turniersport geht es beim Badminton um Punkte und ist nicht mit <a class=\"more-link\" href=\"https:\/\/svreudern.de\/leichtathletik\/?page_id=1068\">weiterlesen&#8230;<\/a><\/p>\n","protected":false},"author":7,"featured_media":0,"parent":0,"menu_order":0,"comment_status":"closed","ping_status":"closed","template":"","meta":{"footnotes":""},"class_list":["post-1068","page","type-page","status-publish","hentry"],"_links":{"self":[{"href":"https:\/\/svreudern.de\/leichtathletik\/index.php?rest_route=\/wp\/v2\/pages\/1068","targetHints":{"allow":["GET"]}}],"collection":[{"href":"https:\/\/svreudern.de\/leichtathletik\/index.php?rest_route=\/wp\/v2\/pages"}],"about":[{"href":"https:\/\/svreudern.de\/leichtathletik\/index.php?rest_route=\/wp\/v2\/types\/page"}],"author":[{"embeddable":true,"href":"https:\/\/svreudern.de\/leichtathletik\/index.php?rest_route=\/wp\/v2\/users\/7"}],"replies":[{"embeddable":true,"href":"https:\/\/svreudern.de\/leichtathletik\/index.php?rest_route=%2Fwp%2Fv2%2Fcomments&post=1068"}],"version-history":[{"count":18,"href":"https:\/\/svreudern.de\/leichtathletik\/index.php?rest_route=\/wp\/v2\/pages\/1068\/revisions"}],"predecessor-version":[{"id":2309,"href":"https:\/\/svreudern.de\/leichtathletik\/index.php?rest_route=\/wp\/v2\/pages\/1068\/revisions\/2309"}],"wp:attachment":[{"href":"https:\/\/svreudern.de\/leichtathletik\/index.php?rest_route=%2Fwp%2Fv2%2Fmedia&parent=1068"}],"curies":[{"name":"wp","href":"https:\/\/api.w.org\/{rel}","templated":true}]}}