{"id":1094,"date":"2019-04-02T19:15:11","date_gmt":"2019-04-02T19:15:11","guid":{"rendered":"http:\/\/www.sportvereinreudern.de\/leichtathletik\/?page_id=1094"},"modified":"2025-10-14T19:23:04","modified_gmt":"2025-10-14T19:23:04","slug":"impressum","status":"publish","type":"page","link":"https:\/\/svreudern.de\/leichtathletik\/?page_id=1094","title":{"rendered":"Impressum"},"content":{"rendered":"\n<p>Angaben gem\u00e4\u00df \u00a7 5 TMG<br> <strong><br><br>Sportverein Reudern e. V.<\/strong><br>H\u00fclenbergstra\u00dfe 79<br>72622 N\u00fcrtingen<\/p>\n\n\n\n<p>Vertreten durch die <strong>Vereinsvorst\u00e4nde:<\/strong><\/p>\n\n\n\n<p>Dennis Richter (Sport und Jugend)<br>Bernd Unzeitig (Finanzen)<br>Torsten Hoppe (Allg. Organisation)<br>Oliver Felten (\u00d6ffentlichkeitsarbeit)<\/p>\n\n\n\n<p>und <strong>Beisitzer<\/strong>:<br>Benjamin K\u00f6rkel-Wineberger (Sport und Jugend)<\/p>\n\n\n\n<p>Auf der <strong>Gesch\u00e4ftsstelle<\/strong> betreut Sie Birgit Wolfer<\/p>\n\n\n\n<p>E-Mail:<a href=\"javascript:DeCryptX('2k3q0f3r2B3v2x2t1f3x0d2g2t2p201e2g')\">info [at] svreudern de<\/a><\/p>\n\n\n\n<p>Eintragung im Vereinsregister:<\/p>\n\n\n\n<p>Registergericht: Amtsgericht Stuttgart<br>Registernummer: 220029<\/p>\n\n\n\n<p>Gestaltung der&nbsp;<strong>Website SV Reudern<\/strong> Abt. Leichtathletik: Thorsten Wriske<\/p>\n\n\n\n<p><\/p>\n\n\n\n<h2 class=\"wp-block-heading\">Disclaimer \u2013 rechtliche Hinweise<\/h2>\n\n\n\n<h4 class=\"wp-block-heading\">1. Haftungsbeschr\u00e4nkung<\/h4>\n\n\n\n<p>Die Inhalte dieser Website werden mit gr\u00f6\u00dftm\u00f6glicher\n Sorgfalt erstellt. Der Anbieter \u00fcbernimmt jedoch keine Gew\u00e4hr f\u00fcr die \nRichtigkeit, Vollst\u00e4ndigkeit und Aktualit\u00e4t der bereitgestellten \nInhalte. Die Nutzung der Inhalte der Website erfolgt auf eigene Gefahr \ndes Nutzers. Namentlich gekennzeichnete Beitr\u00e4ge geben die Meinung des \njeweiligen Autors und nicht immer die Meinung des Anbieters wieder. Mit \nder reinen Nutzung der Website des Anbieters kommt keinerlei \nVertragsverh\u00e4ltnis zwischen dem Nutzer und dem Anbieter zustande.<\/p>\n\n\n\n<h4 class=\"wp-block-heading\">2. Externe Links<\/h4>\n\n\n\n<p>Diese Website enth\u00e4lt Verkn\u00fcpfungen zu Websites \nDritter (\u201eexterne Links\u201c). Diese Websites unterliegen der Haftung der \njeweiligen Betreiber. Der Anbieter hat bei der erstmaligen Verkn\u00fcpfung \nder externen Links die fremden Inhalte daraufhin \u00fcberpr\u00fcft, ob etwaige \nRechtsverst\u00f6\u00dfe bestehen. Zu dem Zeitpunkt waren keine Rechtsverst\u00f6\u00dfe \nersichtlich. Der Anbieter hat keinerlei Einfluss auf die aktuelle und \nzuk\u00fcnftige Gestaltung und auf die Inhalte der verkn\u00fcpften Seiten. Das \nSetzen von externen Links bedeutet nicht, dass sich der Anbieter die \nhinter dem Verweis oder Link liegenden Inhalte zu Eigen macht. Eine \nst\u00e4ndige Kontrolle der externen Links ist f\u00fcr den Anbieter ohne konkrete\n Hinweise auf Rechtsverst\u00f6\u00dfe nicht zumutbar. Bei Kenntnis von \nRechtsverst\u00f6\u00dfen werden jedoch derartige externe Links unverz\u00fcglich \ngel\u00f6scht.<\/p>\n\n\n\n<h4 class=\"wp-block-heading\">3. Urheber- und Leistungsschutzrechte<\/h4>\n\n\n\n<p>Die auf dieser Website ver\u00f6ffentlichten Inhalte \nunterliegen dem deutschen Urheber- und Leistungsschutzrecht. Jede vom \ndeutschen Urheber- und Leistungsschutzrecht nicht zugelassene Verwertung\n bedarf der vorherigen schriftlichen Zustimmung des Anbieters oder \njeweiligen Rechteinhabers. Dies gilt insbesondere f\u00fcr Vervielf\u00e4ltigung, \nBearbeitung, \u00dcbersetzung, Einspeicherung, Verarbeitung bzw. Wiedergabe \nvon Inhalten in Datenbanken oder anderen elektronischen Medien und \nSystemen. Inhalte und Rechte Dritter sind dabei als solche \ngekennzeichnet. Die unerlaubte Vervielf\u00e4ltigung oder Weitergabe \neinzelner Inhalte oder kompletter Seiten ist nicht gestattet und \nstrafbar. Lediglich die Herstellung von Kopien und Downloads f\u00fcr den \npers\u00f6nlichen, privaten und nicht kommerziellen Gebrauch ist erlaubt.<\/p>\n\n\n\n<p>Die Darstellung dieser Website in fremden Frames ist nur mit schriftlicher Erlaubnis zul\u00e4ssig.<\/p>\n","protected":false},"excerpt":{"rendered":"<p>Angaben gem\u00e4\u00df \u00a7 5 TMG Sportverein Reudern e. V.H\u00fclenbergstra\u00dfe 7972622 N\u00fcrtingen Vertreten durch die Vereinsvorst\u00e4nde: Dennis Richter (Sport und Jugend)Bernd Unzeitig (Finanzen)Torsten Hoppe (Allg. Organisation)Oliver Felten (\u00d6ffentlichkeitsarbeit) und Beisitzer:Benjamin K\u00f6rkel-Wineberger (Sport und Jugend) Auf der Gesch\u00e4ftsstelle betreut Sie Birgit Wolfer E-Mail:info [at] svreudern de Eintragung im Vereinsregister: Registergericht: Amtsgericht StuttgartRegisternummer: 220029 Gestaltung der&nbsp;Website SV Reudern <a class=\"more-link\" href=\"https:\/\/svreudern.de\/leichtathletik\/?page_id=1094\">weiterlesen&#8230;<\/a><\/p>\n","protected":false},"author":7,"featured_media":0,"parent":0,"menu_order":0,"comment_status":"closed","ping_status":"closed","template":"","meta":{"footnotes":""},"class_list":["post-1094","page","type-page","status-publish","hentry"],"_links":{"self":[{"href":"https:\/\/svreudern.de\/leichtathletik\/index.php?rest_route=\/wp\/v2\/pages\/1094","targetHints":{"allow":["GET"]}}],"collection":[{"href":"https:\/\/svreudern.de\/leichtathletik\/index.php?rest_route=\/wp\/v2\/pages"}],"about":[{"href":"https:\/\/svreudern.de\/leichtathletik\/index.php?rest_route=\/wp\/v2\/types\/page"}],"author":[{"embeddable":true,"href":"https:\/\/svreudern.de\/leichtathletik\/index.php?rest_route=\/wp\/v2\/users\/7"}],"replies":[{"embeddable":true,"href":"https:\/\/svreudern.de\/leichtathletik\/index.php?rest_route=%2Fwp%2Fv2%2Fcomments&post=1094"}],"version-history":[{"count":10,"href":"https:\/\/svreudern.de\/leichtathletik\/index.php?rest_route=\/wp\/v2\/pages\/1094\/revisions"}],"predecessor-version":[{"id":2077,"href":"https:\/\/svreudern.de\/leichtathletik\/index.php?rest_route=\/wp\/v2\/pages\/1094\/revisions\/2077"}],"wp:attachment":[{"href":"https:\/\/svreudern.de\/leichtathletik\/index.php?rest_route=%2Fwp%2Fv2%2Fmedia&parent=1094"}],"curies":[{"name":"wp","href":"https:\/\/api.w.org\/{rel}","templated":true}]}}