{"id":1939,"date":"2024-10-07T18:08:14","date_gmt":"2024-10-07T18:08:14","guid":{"rendered":"https:\/\/svreudern.de\/leichtathletik\/?page_id=1939"},"modified":"2026-03-29T17:03:51","modified_gmt":"2026-03-29T17:03:51","slug":"speed-stacking","status":"publish","type":"page","link":"https:\/\/svreudern.de\/leichtathletik\/?page_id=1939","title":{"rendered":"Speed Stacking"},"content":{"rendered":"\n<p><strong>Wann: mittwochs (alle 14 Tage) im B\u00fcrgerhaus Reudern<\/strong><br><strong>Klasse 1 <\/strong>&#8211; <strong>4 und \u00e4lter: 16 bis 17 Uhr<\/strong><\/p>\n\n\n\n<p><strong><br>Leiterin: Karin Burr<\/strong><br><br><strong>Interessantes \u00fcber dieses Becherdings\u2026<\/strong><br>Sport Stacking -Becherstapeln- ist eine Sportart aus den USA.<br>In den 80er Jahren wurde es entwickelt.<br>Erst nach einigen Jahren verbreitet sich die Sportart durch den ehemaligen Lehrer<br>Bob Fox aus Denver.<br>Er gr\u00fcndete Anfang der 90er die Bechermarke Speed Stacks.<br>Die Firma Speed Stacks konzentrierte sich zu Beginn auf die Verbreitung<br>der Sportart in US-amerikanischen Schulen.<br>Im Jahre 2000 wurde von Bob Fox der Weltverband f\u00fcr Sport Stacking,<br>die WSSA (\u201eWorld Sport Stacking Association\u201c) gegr\u00fcndet.<br>Durch eine hessische Lehrerin kam 4 Jahre sp\u00e4ter das Sport Stacking an das Weidig<br>Gymnasium nach Butzbach. Es war die erste Schule in Deutschland, an der Sport<br>Stacking ausge\u00fcbt wurde. Im M\u00e4rz 2006 veranstaltete dann der mittlerweile gegr\u00fcndete<br>Butzbacher Sport Stacking Verein die ersten Deutschen Meisterschaften.<br>Dabei haben sich \u00fcber 500 Sportler im Alter von unter 4 Jahren bis \u00fcber 70 Jahren<br>getroffen!<br>Inzwischen gibt es in ganz Deutschland hunderte Schulen mit regelm\u00e4\u00dfigem Sport<br>Stacking Angebot. L\u00e4ngst gibt es aber auch zahlreiche Erwachsene Sport Stacker<br>und ganze Vereine, die sich der Sportart widmen.<br>Sport Stacking aktiviert durch das abwechselnde Arbeiten mit linker und rechter Hand<br>und das \u00dcberkreuzen der Gesichtsmitte beide Gehirnh\u00e4lften.<br>Es werden neue Verkn\u00fcpfungen gebildet, neue \u201cNervenstra\u00dfen\u201d gebaut,<br>die bei regelm\u00e4\u00dfiger Besch\u00e4ftigung mit den Bechern zu \u201cAutobahnen\u201d werden k\u00f6nnen.<br>Diese sind dann aber auch hilfreich beim Erlernen ganz anderer Inhalte oder Fertigkeiten,<br>wie dem Spielen eines Instruments, Lesen und Schreiben oder beim Sport.<br>Das Faszinierende dabei ist, dass man diesen Effekt mit etwas erreichen kann,<br>was gro\u00dfen Spa\u00df macht!<br>Allein, mit Partner oder in der Gruppe, kooperativ oder im Wettbewerb, in der Klasse<br>oder in der Turnhallte, die Vielfalt ist enorm!<br>Inhalt des Kurses<br>Wie wollen Eigenschaften oder Werte wie Koordination, Schnelligkeit und Genauigkeit,<br>Selbstbewusstsein und Teamgeist f\u00f6rdern und dabei positive Erlebnisse haben.<br>Mit zw\u00f6lf speziellen Plastikbechern, den Speed Stacks, m\u00fcssen m\u00f6glichst schnell<br>vorgegebene Muster nach ganz bestimmten Regeln auf- und wieder abgestapelt werden.<br>Wir treffen uns in einer Gruppe mit maximal 12 Grundsch\u00fclern.<br>Gestackt wird stehend an Tischen.<br>Jeder hat einen Platz mit einer StackMat (Unterlage), auf der ein Timer integriert<br>Ist und nat\u00fcrlich ein 12-er Becherset.<br>Neben dem Erlernen der Grundregeln und Aufbau &#8211; Varianten werden<br>Spiel und Spa\u00df mit Staffelspielen und \u00c4hnlichem auf dem Programm stehen.<\/p>\n\n\n\n<p><br><strong>Kosten:<\/strong><br>f\u00fcr Vereinsmitglieder pro Einheit 3 \u20ac<br>f\u00fcr Nichtmitglieder pro Einheit 5 \u20ac<br><br>Bei Abbruch des Kurses ist eine R\u00fcckerstattung der Kosten nicht m\u00f6glich.<br>Mit der Anmeldung zum Kurs wird der Betrag sp\u00e4testens am 1. Kurstermin f\u00e4llig. Bitte in<br>bar an die \u00dcbungsleiterin bezahlen.<\/p>\n\n\n\n<p><strong>Organisatorisches<\/strong>:<br>Speed Stacking findet immer 14-t\u00e4gig statt.<br>Immer Mittwochs im B\u00fcrgerhaus Reudern.<br>Klasse 1 &#8211; 4 und \u00e4lter: 16 Uhr \u2013 17 Uhr<br><br><strong>Kurstermine:<br><\/strong>22.04.2026<br>06.05.2026 \/ 20.05.2026<br>10.06.2026 \/ 24.06.2026<br>08.07.2026 \/ 22.07.2026<br><br><strong>Kontaktdaten bei Interesse und zur Anmeldung:<\/strong><br>Karin Burr<br>Telefon 07022\/211671<br>karin-burr(a)web.de<\/p>\n\n\n\n<p><a href=\"https:\/\/svreudern.de\/leichtathletik\/wp-content\/uploads\/2026\/03\/Infoblatt__Anmeldung_Speed-Stacking_Kurs_22.04.-22.07.26.pdf\" target=\"_blank\" rel=\"noreferrer noopener\">Anmeldeformular Speed Stacking<\/a><\/p>\n\n\n\n<p><\/p>\n\n\n\n<p><\/p>\n\n\n\n<p><br><\/p>\n","protected":false},"excerpt":{"rendered":"<p>Wann: mittwochs (alle 14 Tage) im B\u00fcrgerhaus ReudernKlasse 1 &#8211; 4 und \u00e4lter: 16 bis 17 Uhr Leiterin: Karin Burr Interessantes \u00fcber dieses Becherdings\u2026Sport Stacking -Becherstapeln- ist eine Sportart aus den USA.In den 80er Jahren wurde es entwickelt.Erst nach einigen Jahren verbreitet sich die Sportart durch den ehemaligen LehrerBob Fox aus Denver.Er gr\u00fcndete Anfang der <a class=\"more-link\" href=\"https:\/\/svreudern.de\/leichtathletik\/?page_id=1939\">weiterlesen&#8230;<\/a><\/p>\n","protected":false},"author":7,"featured_media":0,"parent":0,"menu_order":0,"comment_status":"closed","ping_status":"closed","template":"","meta":{"footnotes":""},"class_list":["post-1939","page","type-page","status-publish","hentry"],"_links":{"self":[{"href":"https:\/\/svreudern.de\/leichtathletik\/index.php?rest_route=\/wp\/v2\/pages\/1939","targetHints":{"allow":["GET"]}}],"collection":[{"href":"https:\/\/svreudern.de\/leichtathletik\/index.php?rest_route=\/wp\/v2\/pages"}],"about":[{"href":"https:\/\/svreudern.de\/leichtathletik\/index.php?rest_route=\/wp\/v2\/types\/page"}],"author":[{"embeddable":true,"href":"https:\/\/svreudern.de\/leichtathletik\/index.php?rest_route=\/wp\/v2\/users\/7"}],"replies":[{"embeddable":true,"href":"https:\/\/svreudern.de\/leichtathletik\/index.php?rest_route=%2Fwp%2Fv2%2Fcomments&post=1939"}],"version-history":[{"count":23,"href":"https:\/\/svreudern.de\/leichtathletik\/index.php?rest_route=\/wp\/v2\/pages\/1939\/revisions"}],"predecessor-version":[{"id":2263,"href":"https:\/\/svreudern.de\/leichtathletik\/index.php?rest_route=\/wp\/v2\/pages\/1939\/revisions\/2263"}],"wp:attachment":[{"href":"https:\/\/svreudern.de\/leichtathletik\/index.php?rest_route=%2Fwp%2Fv2%2Fmedia&parent=1939"}],"curies":[{"name":"wp","href":"https:\/\/api.w.org\/{rel}","templated":true}]}}