{"id":2059,"date":"2025-08-17T12:38:40","date_gmt":"2025-08-17T12:38:40","guid":{"rendered":"https:\/\/svreudern.de\/leichtathletik\/?page_id=2059"},"modified":"2026-03-29T17:01:40","modified_gmt":"2026-03-29T17:01:40","slug":"kitz-sport","status":"publish","type":"page","link":"https:\/\/svreudern.de\/leichtathletik\/?page_id=2059","title":{"rendered":"Kitz-Sport"},"content":{"rendered":"\n<p><\/p>\n\n\n\n<p><strong>Wann: montags von 16 Uhr bis 18 Uhr<\/strong><br><strong>Leiter: Benjamin K\u00f6rkel-Wineberger<\/strong><\/p>\n\n\n\n<p>Zum Kitz-Sport d\u00fcrfen alle M\u00e4dchen und Jungs ab 6 Jahre kommen. <br>Wir werden gemeinsam rennen, laufen, springen, werfen, an unserer Ausdauer feilen und nat\u00fcrlich auch spielen.<br>Den Kitz-Sport macht Benjamin mit euch! Unterst\u00fctzt wird er dabei ab und zu von Monja, Maik<br>und anderen flei\u00dfigen Helfern.<br><br>Was sollt ihr mitbringen!<br>&#8211; Lust am Sport und im Team zu trainieren<br>&#8211; Etwas zu trinken<br>&#8211; Sportschuhe<br>&#8211; Sportkleidung<br><br>Wann und Wo?<br>&#8211; Im Sommer am Sportplatz des SVR<br>&#8211; Im Winter in der Turnhalle<br>&#8211; Immer montags von 16 Uhr bis 17 Uhr<br><br>Wenn ihr, oder sogar eure ganze Familie im SV Reudern seid, braucht ihr nur Lust und Laune mit-<br>zubringen. Solltet ihr noch nicht Mitglied im SV Reudern sein, d\u00fcrft ihr gerne ein oder auch zwei<br>Mal reinschnuppern und dann einfach Mama oder Papa den Mitgliedsantrag unterschreiben las-<br>sen.<br><br><strong>Kontaktdaten bei Interesse:<\/strong><br>Benjamin K\u00f6rkel-Wineberger<br>b.koerkelwineberger(a)gmail.com<br><\/p>\n","protected":false},"excerpt":{"rendered":"<p>Wann: montags von 16 Uhr bis 18 UhrLeiter: Benjamin K\u00f6rkel-Wineberger Zum Kitz-Sport d\u00fcrfen alle M\u00e4dchen und Jungs ab 6 Jahre kommen. Wir werden gemeinsam rennen, laufen, springen, werfen, an unserer Ausdauer feilen und nat\u00fcrlich auch spielen.Den Kitz-Sport macht Benjamin mit euch! Unterst\u00fctzt wird er dabei ab und zu von Monja, Maikund anderen flei\u00dfigen Helfern. Was <a class=\"more-link\" href=\"https:\/\/svreudern.de\/leichtathletik\/?page_id=2059\">weiterlesen&#8230;<\/a><\/p>\n","protected":false},"author":7,"featured_media":0,"parent":0,"menu_order":0,"comment_status":"closed","ping_status":"closed","template":"","meta":{"footnotes":""},"class_list":["post-2059","page","type-page","status-publish","hentry"],"_links":{"self":[{"href":"https:\/\/svreudern.de\/leichtathletik\/index.php?rest_route=\/wp\/v2\/pages\/2059","targetHints":{"allow":["GET"]}}],"collection":[{"href":"https:\/\/svreudern.de\/leichtathletik\/index.php?rest_route=\/wp\/v2\/pages"}],"about":[{"href":"https:\/\/svreudern.de\/leichtathletik\/index.php?rest_route=\/wp\/v2\/types\/page"}],"author":[{"embeddable":true,"href":"https:\/\/svreudern.de\/leichtathletik\/index.php?rest_route=\/wp\/v2\/users\/7"}],"replies":[{"embeddable":true,"href":"https:\/\/svreudern.de\/leichtathletik\/index.php?rest_route=%2Fwp%2Fv2%2Fcomments&post=2059"}],"version-history":[{"count":5,"href":"https:\/\/svreudern.de\/leichtathletik\/index.php?rest_route=\/wp\/v2\/pages\/2059\/revisions"}],"predecessor-version":[{"id":2256,"href":"https:\/\/svreudern.de\/leichtathletik\/index.php?rest_route=\/wp\/v2\/pages\/2059\/revisions\/2256"}],"wp:attachment":[{"href":"https:\/\/svreudern.de\/leichtathletik\/index.php?rest_route=%2Fwp%2Fv2%2Fmedia&parent=2059"}],"curies":[{"name":"wp","href":"https:\/\/api.w.org\/{rel}","templated":true}]}}