{"id":402,"date":"2016-07-29T20:06:59","date_gmt":"2016-07-29T20:06:59","guid":{"rendered":"http:\/\/la.richterreudern.de\/?page_id=402"},"modified":"2016-09-23T19:34:24","modified_gmt":"2016-09-23T19:34:24","slug":"eltern-kindturnen","status":"publish","type":"page","link":"https:\/\/svreudern.de\/leichtathletik\/?page_id=402","title":{"rendered":"Eltern-Kindturnen"},"content":{"rendered":"<p><b>Wann: freitags zwischen 16 Uhr und 17 Uhr in der Gemeindehalle<\/b><br \/>\n<b>Leiterin: Andrea Besemer<\/b><\/p>\n<p>F\u00fcr Kinder ab ca. 2 Jahre bis 4 Jahre.<br \/>\nNach einem Spiellied und dem Kreisspiel werden verschieden Gro\u00df- und Kleinger\u00e4te aufgebaut. Dort lernen die Kinder mit ihren Eltern u. a. springen &#8211; h\u00fcpfen &#8211; balancieren &#8211; rollen und vieles mehr.<\/p>\n<p><b><img loading=\"eager\" decoding=\"async\" class=\"alignnone wp-image-446\" src=\"http:\/\/www.sportvereinreudern.de\/leichtathletik\/wp-content\/uploads\/2016\/07\/DSC02236-300x225.jpg\" alt=\"dsc02236\" width=\"500\" height=\"375\" srcset=\"https:\/\/svreudern.de\/leichtathletik\/wp-content\/uploads\/2016\/07\/DSC02236-300x225.jpg 300w, https:\/\/svreudern.de\/leichtathletik\/wp-content\/uploads\/2016\/07\/DSC02236-768x576.jpg 768w, https:\/\/svreudern.de\/leichtathletik\/wp-content\/uploads\/2016\/07\/DSC02236-350x263.jpg 350w, https:\/\/svreudern.de\/leichtathletik\/wp-content\/uploads\/2016\/07\/DSC02236-780x586.jpg 780w, https:\/\/svreudern.de\/leichtathletik\/wp-content\/uploads\/2016\/07\/DSC02236-250x188.jpg 250w, https:\/\/svreudern.de\/leichtathletik\/wp-content\/uploads\/2016\/07\/DSC02236.jpg 960w\" sizes=\"(max-width: 500px) 100vw, 500px\" \/><\/b><\/p>\n","protected":false},"excerpt":{"rendered":"<p>Wann: freitags zwischen 16 Uhr und 17 Uhr in der Gemeindehalle Leiterin: Andrea Besemer F\u00fcr Kinder ab ca. 2 Jahre bis 4 Jahre. Nach einem Spiellied und dem Kreisspiel werden verschieden Gro\u00df- und Kleinger\u00e4te aufgebaut. Dort lernen die Kinder mit ihren Eltern u. a. springen &#8211; h\u00fcpfen &#8211; balancieren &#8211; rollen und vieles mehr.<\/p>\n","protected":false},"author":5,"featured_media":0,"parent":419,"menu_order":0,"comment_status":"closed","ping_status":"closed","template":"","meta":{"footnotes":""},"class_list":["post-402","page","type-page","status-publish","hentry"],"_links":{"self":[{"href":"https:\/\/svreudern.de\/leichtathletik\/index.php?rest_route=\/wp\/v2\/pages\/402","targetHints":{"allow":["GET"]}}],"collection":[{"href":"https:\/\/svreudern.de\/leichtathletik\/index.php?rest_route=\/wp\/v2\/pages"}],"about":[{"href":"https:\/\/svreudern.de\/leichtathletik\/index.php?rest_route=\/wp\/v2\/types\/page"}],"author":[{"embeddable":true,"href":"https:\/\/svreudern.de\/leichtathletik\/index.php?rest_route=\/wp\/v2\/users\/5"}],"replies":[{"embeddable":true,"href":"https:\/\/svreudern.de\/leichtathletik\/index.php?rest_route=%2Fwp%2Fv2%2Fcomments&post=402"}],"version-history":[{"count":3,"href":"https:\/\/svreudern.de\/leichtathletik\/index.php?rest_route=\/wp\/v2\/pages\/402\/revisions"}],"predecessor-version":[{"id":448,"href":"https:\/\/svreudern.de\/leichtathletik\/index.php?rest_route=\/wp\/v2\/pages\/402\/revisions\/448"}],"up":[{"embeddable":true,"href":"https:\/\/svreudern.de\/leichtathletik\/index.php?rest_route=\/wp\/v2\/pages\/419"}],"wp:attachment":[{"href":"https:\/\/svreudern.de\/leichtathletik\/index.php?rest_route=%2Fwp%2Fv2%2Fmedia&parent=402"}],"curies":[{"name":"wp","href":"https:\/\/api.w.org\/{rel}","templated":true}]}}