{"id":513,"date":"2016-09-23T20:48:43","date_gmt":"2016-09-23T20:48:43","guid":{"rendered":"http:\/\/www.sportvereinreudern.de\/leichtathletik\/?page_id=513"},"modified":"2025-02-04T18:49:10","modified_gmt":"2025-02-04T18:49:10","slug":"paule-sport","status":"publish","type":"page","link":"https:\/\/svreudern.de\/leichtathletik\/?page_id=513","title":{"rendered":"Paule-Sport"},"content":{"rendered":"<div class=\"entry-content\">\n<p><span style=\"color: #0000ff;\">Wir sind momentan auf der Suche nach einem \u00dcbungsleiter f\u00fcr den Paule-Sport, daher muss der Kurs aktuell leider pausieren ;-(\u00a0<\/span><\/p>\n<p><span style=\"color: #0000ff;\"> Sobald, wir einen neuen \u00dcbungsleiter gefunden haben, w\u00fcrde der Paule-Kurs wieder starten.<\/span><\/p>\n<p>&nbsp;<\/p>\n<p>F\u00fcr Jungen der 1. bis 4. Klasse<\/p>\n<p>Der letzte Kurs bot die M\u00f6glichkeit, sich einmal in der Woche bei Sport, Spa\u00df und Spiel auszupowern. Inhalte sind Ballspiele, Turnen, Laufen, Werfen, Springen, und Koordination.<\/p>\n<\/div>\n\n\n<figure class=\"wp-block-image size-full is-resized\"><img loading=\"eager\" decoding=\"async\" width=\"510\" height=\"720\" src=\"http:\/\/svreudern.de\/leichtathletik\/wp-content\/uploads\/2023\/10\/Paule-Sport__Logo-1.png\" alt=\"\" class=\"wp-image-1398\" style=\"aspect-ratio:0.7083333333333334;width:225px;height:auto\" srcset=\"https:\/\/svreudern.de\/leichtathletik\/wp-content\/uploads\/2023\/10\/Paule-Sport__Logo-1.png 510w, https:\/\/svreudern.de\/leichtathletik\/wp-content\/uploads\/2023\/10\/Paule-Sport__Logo-1-213x300.png 213w\" sizes=\"(max-width: 510px) 100vw, 510px\" \/><\/figure>\n","protected":false},"excerpt":{"rendered":"<p>Wir sind momentan auf der Suche nach einem \u00dcbungsleiter f\u00fcr den Paule-Sport, daher muss der Kurs aktuell leider pausieren ;-(\u00a0 Sobald, wir einen neuen \u00dcbungsleiter gefunden haben, w\u00fcrde der Paule-Kurs wieder starten. &nbsp; F\u00fcr Jungen der 1. bis 4. Klasse Der letzte Kurs bot die M\u00f6glichkeit, sich einmal in der Woche bei Sport, Spa\u00df und <a class=\"more-link\" href=\"https:\/\/svreudern.de\/leichtathletik\/?page_id=513\">weiterlesen&#8230;<\/a><\/p>\n","protected":false},"author":5,"featured_media":0,"parent":0,"menu_order":0,"comment_status":"closed","ping_status":"closed","template":"","meta":{"footnotes":""},"class_list":["post-513","page","type-page","status-publish","hentry"],"_links":{"self":[{"href":"https:\/\/svreudern.de\/leichtathletik\/index.php?rest_route=\/wp\/v2\/pages\/513","targetHints":{"allow":["GET"]}}],"collection":[{"href":"https:\/\/svreudern.de\/leichtathletik\/index.php?rest_route=\/wp\/v2\/pages"}],"about":[{"href":"https:\/\/svreudern.de\/leichtathletik\/index.php?rest_route=\/wp\/v2\/types\/page"}],"author":[{"embeddable":true,"href":"https:\/\/svreudern.de\/leichtathletik\/index.php?rest_route=\/wp\/v2\/users\/5"}],"replies":[{"embeddable":true,"href":"https:\/\/svreudern.de\/leichtathletik\/index.php?rest_route=%2Fwp%2Fv2%2Fcomments&post=513"}],"version-history":[{"count":17,"href":"https:\/\/svreudern.de\/leichtathletik\/index.php?rest_route=\/wp\/v2\/pages\/513\/revisions"}],"predecessor-version":[{"id":1987,"href":"https:\/\/svreudern.de\/leichtathletik\/index.php?rest_route=\/wp\/v2\/pages\/513\/revisions\/1987"}],"wp:attachment":[{"href":"https:\/\/svreudern.de\/leichtathletik\/index.php?rest_route=%2Fwp%2Fv2%2Fmedia&parent=513"}],"curies":[{"name":"wp","href":"https:\/\/api.w.org\/{rel}","templated":true}]}}