{"id":376,"date":"2016-07-15T21:33:20","date_gmt":"2016-07-15T21:33:20","guid":{"rendered":"http:\/\/rad.richterreudern.de\/?page_id=376"},"modified":"2025-04-28T23:26:22","modified_gmt":"2025-04-28T21:26:22","slug":"disclaimer","status":"publish","type":"page","link":"https:\/\/svreudern.de\/rad\/?page_id=376","title":{"rendered":"Disclaimer"},"content":{"rendered":"\r\nImpressum\r\n\r\n\r\nAngaben gem\u00e4\u00df \u00a7 5 TMG\r\n\r\nSportverein Reudern 1913 e. V.\r\nH\u00fclenbergstr. 79 (Im Sportheim)\r\n72622 N\u00fcrtingen\r\nVertreten durch die Vereinsvorst\u00e4nde:\r\n\r\nDennis Richter (Sport und Jugend)\r\nBernd Unzeitig (Finanzen)\r\nTorsten Hoppe (Allg. Organisation)\r\nOliver Felten (\u00d6ffentlichkeitsarbeit)\r\nBenjamin K\u00f6rkel-Wineberg (Beisitzer Sport und Jugend)\r\nAuf der Gesch\u00e4ftsstelle betreut Sie Birgit Wolfer\r\nE-Mail: <a href=\"javascript:secureDecryptAndNavigate('mytbQkS9NiBlT3x7ddhutUxve3slcUgEMLnmbHqJ7M2P6VV0M188u4xxYnmoJPZcy7WIk81agPjgUT1lnWu0UwSAjVgXZ5Pq', '9bd38cfe9999ac14e509bd4ba013207a09af4819f487f6e7811ac9faf7cedd1e')\">info [at] svreudern de<\/a>\r\nEintragung im Vereinsregister:\r\nRegistergericht: Amtsgericht <a href=\"https:\/\/svreudern.de\/rad\/?page_id=376\" class=\"more-link\">Read more [...]<\/a>","protected":false},"excerpt":{"rendered":"<p>Impressum Angaben gem\u00e4\u00df \u00a7 5 TMG Sportverein Reudern 1913 e. V. H\u00fclenbergstr. 79 (Im Sportheim) 72622 N\u00fcrtingen Vertreten durch die Vereinsvorst\u00e4nde: Dennis Richter (Sport und Jugend) Bernd Unzeitig (Finanzen) Torsten Hoppe (Allg. Organisation) Oliver Felten (\u00d6ffentlichkeitsarbeit) Benjamin K\u00f6rkel-Wineberg (Beisitzer Sport und Jugend) Auf der Gesch\u00e4ftsstelle betreut Sie Birgit Wolfer E-Mail: <a class=\"more-link\" href=\"https:\/\/svreudern.de\/rad\/?page_id=376\">weiterlesen&#8230;<\/a><\/p>\n","protected":false},"author":6,"featured_media":0,"parent":0,"menu_order":0,"comment_status":"closed","ping_status":"closed","template":"","meta":{"ngg_post_thumbnail":0,"footnotes":""},"class_list":["post-376","page","type-page","status-publish","hentry"],"publishpress_future_action":{"enabled":false,"date":"2026-04-20 02:41:30","action":"change-status","newStatus":"draft","terms":[],"taxonomy":"","extraData":[]},"publishpress_future_workflow_manual_trigger":{"enabledWorkflows":[]},"_links":{"self":[{"href":"https:\/\/svreudern.de\/rad\/index.php?rest_route=\/wp\/v2\/pages\/376","targetHints":{"allow":["GET"]}}],"collection":[{"href":"https:\/\/svreudern.de\/rad\/index.php?rest_route=\/wp\/v2\/pages"}],"about":[{"href":"https:\/\/svreudern.de\/rad\/index.php?rest_route=\/wp\/v2\/types\/page"}],"author":[{"embeddable":true,"href":"https:\/\/svreudern.de\/rad\/index.php?rest_route=\/wp\/v2\/users\/6"}],"replies":[{"embeddable":true,"href":"https:\/\/svreudern.de\/rad\/index.php?rest_route=%2Fwp%2Fv2%2Fcomments&post=376"}],"version-history":[{"count":16,"href":"https:\/\/svreudern.de\/rad\/index.php?rest_route=\/wp\/v2\/pages\/376\/revisions"}],"predecessor-version":[{"id":5138,"href":"https:\/\/svreudern.de\/rad\/index.php?rest_route=\/wp\/v2\/pages\/376\/revisions\/5138"}],"wp:attachment":[{"href":"https:\/\/svreudern.de\/rad\/index.php?rest_route=%2Fwp%2Fv2%2Fmedia&parent=376"}],"curies":[{"name":"wp","href":"https:\/\/api.w.org\/{rel}","templated":true}]}}