{"id":4461,"date":"2023-05-08T20:27:40","date_gmt":"2023-05-08T18:27:40","guid":{"rendered":"https:\/\/svreudern.de\/rad\/?page_id=4461"},"modified":"2023-05-08T20:27:40","modified_gmt":"2023-05-08T18:27:40","slug":"unser-werteleitbild","status":"publish","type":"page","link":"https:\/\/svreudern.de\/rad\/?page_id=4461","title":{"rendered":"Unser Werteleitbild"},"content":{"rendered":"Die Radsportabteilung des SV Reudern hat sich das folgende Leitbild erarbeitet. Es bringt unsere Wertevorstellungen zum Ausdruck und pr\u00e4gt unser Denken und Handeln nach innen und au\u00dfen.\r\nWas bringt ein Werteleitbild?\r\nDas Abteilungsprofil wird gesch\u00e4rt durch klare Grundwerte und das Vorleben dieser vereinbarten Werte im Vereinsalltag. Diese \u201eWert\u201c-Leitplanken sind Basis f\u00fcr unserer Handeln und wirken sich positiv auf die Motivation aller in der Abteilung aus. Unser Werteleitbild tr\u00e4gt dazu <a href=\"https:\/\/svreudern.de\/rad\/?page_id=4461\" class=\"more-link\">Read more [...]<\/a>","protected":false},"excerpt":{"rendered":"<p>Die Radsportabteilung des SV Reudern hat sich das folgende Leitbild erarbeitet. Es bringt unsere Wertevorstellungen zum Ausdruck und pr\u00e4gt unser Denken und Handeln nach innen und au\u00dfen. Was bringt ein Werteleitbild? Das Abteilungsprofil wird gesch\u00e4rt durch klare Grundwerte und das Vorleben dieser vereinbarten Werte im Vereinsalltag. Diese \u201eWert\u201c-Leitplanken sind Basis <a class=\"more-link\" href=\"https:\/\/svreudern.de\/rad\/?page_id=4461\">weiterlesen&#8230;<\/a><\/p>\n","protected":false},"author":6,"featured_media":0,"parent":0,"menu_order":0,"comment_status":"closed","ping_status":"closed","template":"","meta":{"ngg_post_thumbnail":0,"footnotes":""},"class_list":["post-4461","page","type-page","status-publish","hentry"],"publishpress_future_action":{"enabled":false,"date":"2026-04-30 12:10:14","action":"change-status","newStatus":"draft","terms":[],"taxonomy":"","extraData":[]},"publishpress_future_workflow_manual_trigger":{"enabledWorkflows":[]},"_links":{"self":[{"href":"https:\/\/svreudern.de\/rad\/index.php?rest_route=\/wp\/v2\/pages\/4461","targetHints":{"allow":["GET"]}}],"collection":[{"href":"https:\/\/svreudern.de\/rad\/index.php?rest_route=\/wp\/v2\/pages"}],"about":[{"href":"https:\/\/svreudern.de\/rad\/index.php?rest_route=\/wp\/v2\/types\/page"}],"author":[{"embeddable":true,"href":"https:\/\/svreudern.de\/rad\/index.php?rest_route=\/wp\/v2\/users\/6"}],"replies":[{"embeddable":true,"href":"https:\/\/svreudern.de\/rad\/index.php?rest_route=%2Fwp%2Fv2%2Fcomments&post=4461"}],"version-history":[{"count":1,"href":"https:\/\/svreudern.de\/rad\/index.php?rest_route=\/wp\/v2\/pages\/4461\/revisions"}],"predecessor-version":[{"id":4462,"href":"https:\/\/svreudern.de\/rad\/index.php?rest_route=\/wp\/v2\/pages\/4461\/revisions\/4462"}],"wp:attachment":[{"href":"https:\/\/svreudern.de\/rad\/index.php?rest_route=%2Fwp%2Fv2%2Fmedia&parent=4461"}],"curies":[{"name":"wp","href":"https:\/\/api.w.org\/{rel}","templated":true}]}}