{"id":479,"date":"2016-07-31T10:22:48","date_gmt":"2016-07-31T10:22:48","guid":{"rendered":"http:\/\/rad.richterreudern.de\/?page_id=479"},"modified":"2026-04-14T11:46:06","modified_gmt":"2026-04-14T09:46:06","slug":"lehrteam","status":"publish","type":"page","link":"https:\/\/svreudern.de\/rad\/?page_id=479","title":{"rendered":"Lehrteam 2026"},"content":{"rendered":"<p class=\"bodytext\">Seit vielen Jahren verf\u00fcgen wir \u00fcber ein breitgef\u00e4chertes und sportart\u00fcbergreifendes Lehrteam und k\u00f6nnen so in diversen Aufgabengebieten qualifizierte Trainer und \u00dcbungsleiter vorweisen.<br \/>\nF\u00fcr die kommende Saison 2025 haben wir mehr als 20 Trainer und Trainerinnen in unseren Reihen, die regelm\u00e4\u00dfig unser Kinder-, Jugend- und Erwachsenentraining leiten.<\/p>\n<p class=\"bodytext\">\n<table id=\"tablepress-2\" class=\"tablepress tablepress-id-2\">\n<thead>\n<tr class=\"row-1\">\n\t<td class=\"column-1\"><\/td><td class=\"column-2\"><\/td><th class=\"column-3\">Ausbildung<\/th><th class=\"column-4\">Trainingsgruppe<\/th><td class=\"column-5\"><\/td>\n<\/tr>\n<\/thead>\n<tbody class=\"row-striping\">\n<tr class=\"row-2\">\n\t<td class=\"column-1\"><\/td><td class=\"column-2\">Bahsitta, Jan<\/td><td class=\"column-3\"><\/td><td class=\"column-4\">Rookies U9<\/td><td class=\"column-5\"><\/td>\n<\/tr>\n<tr class=\"row-3\">\n\t<td class=\"column-1\"><\/td><td class=\"column-2\">Bahsitta, Nadine<\/td><td class=\"column-3\"><\/td><td class=\"column-4\">Bambinibiken<br \/>\nRookies U9<\/td><td class=\"column-5\"><\/td>\n<\/tr>\n<tr class=\"row-4\">\n\t<td class=\"column-1\"><\/td><td class=\"column-2\">Brodersen, Silke<\/td><td class=\"column-3\">FB \"Biken mit Kids\"<\/td><td class=\"column-4\">Bambinibiken<\/td><td class=\"column-5\"><\/td>\n<\/tr>\n<tr class=\"row-5\">\n\t<td class=\"column-1\"><\/td><td class=\"column-2\">Burk, Detlef<\/td><td class=\"column-3\">Trainer C MTB<br \/>\nDSV Instructor Ski Alpin<br \/>\nTrainer B Breitensport<\/td><td class=\"column-4\">U19 und \u00e4lter<\/td><td class=\"column-5\"><\/td>\n<\/tr>\n<tr class=\"row-6\">\n\t<td class=\"column-1\"><\/td><td class=\"column-2\">Buss, Markus<\/td><td class=\"column-3\"><\/td><td class=\"column-4\">Flowkids U13<\/td><td class=\"column-5\"><\/td>\n<\/tr>\n<tr class=\"row-7\">\n\t<td class=\"column-1\"><\/td><td class=\"column-2\">Dzieniszewski, Carolin<\/td><td class=\"column-3\"><\/td><td class=\"column-4\">Rookies U9<br \/>\nBambinibiken<br \/>\n<\/td><td class=\"column-5\"><\/td>\n<\/tr>\n<tr class=\"row-8\">\n\t<td class=\"column-1\"><\/td><td class=\"column-2\">Dzieniszewski, Matthias<\/td><td class=\"column-3\"><\/td><td class=\"column-4\">Easykids U11<\/td><td class=\"column-5\"><\/td>\n<\/tr>\n<tr class=\"row-9\">\n\t<td class=\"column-1\"><img loading=\"lazy\" decoding=\"async\" src=\"http:\/\/svreudern.de\/rad\/wp-content\/uploads\/2023\/04\/image0.jpeg\" alt=\"\" width=\"150\" height=\"200\" class=\"alignnone size-full wp-image-4435\" \/><\/td><td class=\"column-2\">Feldmaier, Bj\u00f6rn<\/td><td class=\"column-3\">Trainer C MTB<\/td><td class=\"column-4\">Flowkids U13<\/td><td class=\"column-5\"><\/td>\n<\/tr>\n<tr class=\"row-10\">\n\t<td class=\"column-1\"><\/td><td class=\"column-2\">Felten, Elke<\/td><td class=\"column-3\">FB \"Biken mit Kids\"<br \/>\nKommiss\u00e4rsausbildung<\/td><td class=\"column-4\">Bambinibiken<\/td><td class=\"column-5\"><\/td>\n<\/tr>\n<tr class=\"row-11\">\n\t<td class=\"column-1\"><\/td><td class=\"column-2\">Felten, Nico<\/td><td class=\"column-3\">Trainer C MTB<\/td><td class=\"column-4\">Race Kids<\/td><td class=\"column-5\"><\/td>\n<\/tr>\n<tr class=\"row-12\">\n\t<td class=\"column-1\"><img loading=\"lazy\" decoding=\"async\" src=\"http:\/\/svreudern.de\/rad\/wp-content\/uploads\/2023\/03\/a20230304_161612-1.jpg\" alt=\"\" width=\"144\" height=\"200\" class=\"alignnone size-full wp-image-4392\" \/><\/td><td class=\"column-2\">Felten, Oliver<\/td><td class=\"column-3\">Trainer B MTB Rennsport<br \/>\nLizensierter MTB-Guide <br \/>\nNordic Skating Instructor<\/td><td class=\"column-4\">Easy\/Flow Kids<\/td><td class=\"column-5\"><a href=\"javascript:secureDecryptAndNavigate('5JpHfm92IFFGHeZGgvKqq7bqG8ds5w2pzUveBw7QYxeAWI9xB96FVlapVjHpUPhpnz5zOWxKUDTt7pUcsqT1WSDewm\/zjd4G6Ffk', '9bd38cfe9999ac14e509bd4ba013207a09af4819f487f6e7811ac9faf7cedd1e')\">mtb [at] svreudern-rad de<\/a><\/td>\n<\/tr>\n<tr class=\"row-13\">\n\t<td class=\"column-1\"><img loading=\"lazy\" decoding=\"async\" src=\"http:\/\/svreudern.de\/rad\/wp-content\/uploads\/2023\/04\/aIMG_4734.jpg\" alt=\"\" width=\"138\" height=\"200\" class=\"alignnone size-full wp-image-4428\" \/><\/td><td class=\"column-2\">Frech, Eberhard<\/td><td class=\"column-3\">Sportlicher Leiter<br \/>\nTrainer B MTB Rennsport <br \/>\n<\/td><td class=\"column-4\">Rennsport U15<\/td><td class=\"column-5\"><\/td>\n<\/tr>\n<tr class=\"row-14\">\n\t<td class=\"column-1\"><\/td><td class=\"column-2\">Gai\u00dfer, Haiko<\/td><td class=\"column-3\"><\/td><td class=\"column-4\">Easy\/Flow Kids<\/td><td class=\"column-5\"><\/td>\n<\/tr>\n<tr class=\"row-15\">\n\t<td class=\"column-1\"><\/td><td class=\"column-2\">Gonser, Laura<\/td><td class=\"column-3\"><\/td><td class=\"column-4\">Bambinibiken<\/td><td class=\"column-5\"><\/td>\n<\/tr>\n<tr class=\"row-16\">\n\t<td class=\"column-1\"><\/td><td class=\"column-2\">Gutbrod, Judith<\/td><td class=\"column-3\"><\/td><td class=\"column-4\">Bambinibiken<\/td><td class=\"column-5\"><\/td>\n<\/tr>\n<tr class=\"row-17\">\n\t<td class=\"column-1\"><\/td><td class=\"column-2\">Hackbarth, Nicole<\/td><td class=\"column-3\">FB \"Biken mit Kids\"<\/td><td class=\"column-4\">Bambinibiken<br \/>\nRookies U9<\/td><td class=\"column-5\"><\/td>\n<\/tr>\n<tr class=\"row-18\">\n\t<td class=\"column-1\"><\/td><td class=\"column-2\">Hackbarth, Denny<\/td><td class=\"column-3\">FB \"Biken mit Kids\"<\/td><td class=\"column-4\">Rookies U9<\/td><td class=\"column-5\"><\/td>\n<\/tr>\n<tr class=\"row-19\">\n\t<td class=\"column-1\"><img loading=\"lazy\" decoding=\"async\" src=\"http:\/\/svreudern.de\/rad\/wp-content\/uploads\/2023\/03\/a20230304_161527.jpg\" alt=\"\" width=\"144\" height=\"200\" class=\"alignnone size-full wp-image-4395\" \/><\/td><td class=\"column-2\">Hoppe, Torsten<\/td><td class=\"column-3\">Trainer C MTB-Guide<\/td><td class=\"column-4\">Rookies U9<\/td><td class=\"column-5\"><\/td>\n<\/tr>\n<tr class=\"row-20\">\n\t<td class=\"column-1\"><\/td><td class=\"column-2\">Lumpp, Florian<\/td><td class=\"column-3\">FB \"Biken mit Kids\"<\/td><td class=\"column-4\">Bambinibken<\/td><td class=\"column-5\"><\/td>\n<\/tr>\n<tr class=\"row-21\">\n\t<td class=\"column-1\"><img loading=\"lazy\" decoding=\"async\" src=\"http:\/\/svreudern.de\/rad\/wp-content\/uploads\/2023\/04\/aIMG_20230410_103415.jpg\" alt=\"\" width=\"137\" height=\"200\" class=\"alignnone size-full wp-image-4439\" \/><\/td><td class=\"column-2\">Molter, Mario<\/td><td class=\"column-3\">Trainer C MTB-Rennsport<br \/>\nFB \"Biken mit Kids\"<br \/>\nPolar Ownzone Guide<br \/>\nInlinescating Instructor<br \/>\nIndoorcycle Instructor<\/td><td class=\"column-4\">Leistungssport U15\/U17<\/td><td class=\"column-5\"><a href=\"javascript:secureDecryptAndNavigate('5iAvZyV9bNH7CR7zi6wEFIcrECnneQFa2WfAeAgB\/eppZcd8jYMfLYDz3guU2p\/mEL4nAU\/e5ZXOmwM0BddaeqhkhXc4193eFlpzcrnDOV6encw=', '9bd38cfe9999ac14e509bd4ba013207a09af4819f487f6e7811ac9faf7cedd1e')\">mario [at] svreudern clubdesk com<\/a><\/td>\n<\/tr>\n<tr class=\"row-22\">\n\t<td class=\"column-1\"><\/td><td class=\"column-2\">Pfitzenmaier, Alena<\/td><td class=\"column-3\"><\/td><td class=\"column-4\">Bambinibiken<\/td><td class=\"column-5\"><\/td>\n<\/tr>\n<tr class=\"row-23\">\n\t<td class=\"column-1\"><\/td><td class=\"column-2\">Schwab, Jochen<\/td><td class=\"column-3\"><\/td><td class=\"column-4\">Trailsurfer (Erwachsene)<\/td><td class=\"column-5\"><\/td>\n<\/tr>\n<tr class=\"row-24\">\n\t<td class=\"column-1\"><\/td><td class=\"column-2\">Schwab, Gaby<\/td><td class=\"column-3\"><\/td><td class=\"column-4\">Funkids U13\/Bambinibiken<\/td><td class=\"column-5\"><\/td>\n<\/tr>\n<tr class=\"row-25\">\n\t<td class=\"column-1\"><\/td><td class=\"column-2\">Staiger, Sven<\/td><td class=\"column-3\"><\/td><td class=\"column-4\">Easykids U11<br \/>\nBambinibiken<\/td><td class=\"column-5\"><\/td>\n<\/tr>\n<tr class=\"row-26\">\n\t<td class=\"column-1\"><\/td><td class=\"column-2\">Stutz, Ingo<\/td><td class=\"column-3\"><\/td><td class=\"column-4\">Leistungssport U15\/U17<\/td><td class=\"column-5\"><\/td>\n<\/tr>\n<tr class=\"row-27\">\n\t<td class=\"column-1\"><\/td><td class=\"column-2\">Wucher, Christine<\/td><td class=\"column-3\"><\/td><td class=\"column-4\">Bambinibiken<\/td><td class=\"column-5\"><\/td>\n<\/tr>\n<\/tbody>\n<\/table>\n<!-- #tablepress-2 from cache --><\/p>\n","protected":false},"excerpt":{"rendered":"<p>Seit vielen Jahren verf\u00fcgen wir \u00fcber ein breitgef\u00e4chertes und sportart\u00fcbergreifendes Lehrteam und k\u00f6nnen so in diversen Aufgabengebieten qualifizierte Trainer und \u00dcbungsleiter vorweisen. F\u00fcr die kommende Saison 2025 haben wir mehr als 20 Trainer und Trainerinnen in unseren Reihen, die regelm\u00e4\u00dfig unser Kinder-, Jugend- und Erwachsenentraining leiten.<\/p>\n","protected":false},"author":6,"featured_media":0,"parent":0,"menu_order":0,"comment_status":"closed","ping_status":"closed","template":"","meta":{"ngg_post_thumbnail":0,"footnotes":""},"class_list":["post-479","page","type-page","status-publish","hentry"],"publishpress_future_action":{"enabled":false,"date":"2026-05-10 07:18:36","action":"change-status","newStatus":"draft","terms":[],"taxonomy":"","extraData":[]},"publishpress_future_workflow_manual_trigger":{"enabledWorkflows":[]},"_links":{"self":[{"href":"https:\/\/svreudern.de\/rad\/index.php?rest_route=\/wp\/v2\/pages\/479","targetHints":{"allow":["GET"]}}],"collection":[{"href":"https:\/\/svreudern.de\/rad\/index.php?rest_route=\/wp\/v2\/pages"}],"about":[{"href":"https:\/\/svreudern.de\/rad\/index.php?rest_route=\/wp\/v2\/types\/page"}],"author":[{"embeddable":true,"href":"https:\/\/svreudern.de\/rad\/index.php?rest_route=\/wp\/v2\/users\/6"}],"replies":[{"embeddable":true,"href":"https:\/\/svreudern.de\/rad\/index.php?rest_route=%2Fwp%2Fv2%2Fcomments&post=479"}],"version-history":[{"count":20,"href":"https:\/\/svreudern.de\/rad\/index.php?rest_route=\/wp\/v2\/pages\/479\/revisions"}],"predecessor-version":[{"id":5473,"href":"https:\/\/svreudern.de\/rad\/index.php?rest_route=\/wp\/v2\/pages\/479\/revisions\/5473"}],"wp:attachment":[{"href":"https:\/\/svreudern.de\/rad\/index.php?rest_route=%2Fwp%2Fv2%2Fmedia&parent=479"}],"curies":[{"name":"wp","href":"https:\/\/api.w.org\/{rel}","templated":true}]}}