{"id":1822,"date":"2023-03-08T10:51:51","date_gmt":"2023-03-08T09:51:51","guid":{"rendered":"https:\/\/svreudern.de\/tischtennis\/?page_id=1822"},"modified":"2026-02-26T23:55:58","modified_gmt":"2026-02-26T22:55:58","slug":"einladung-zur-hauptversammlung-sv-reudern","status":"publish","type":"page","link":"https:\/\/svreudern.de\/tischtennis\/","title":{"rendered":"Folgt uns auf Facebook und\/oder Instagram"},"content":{"rendered":"<h3>Hauptversammlung SV Reudern am 27. M\u00e4rz<\/h3>\n<p>Am Freitag, 27. M\u00e4rz findet die diesj\u00e4hrige Hauptversammlung statt. Dazu laden wir alle Mitglieder unseres Vereins herzlich ein. Folgende Tagesordnung ist geplant:<\/p>\n<ul>\n<li>Begr\u00fc\u00dfung<\/li>\n<li>Totenehrung<\/li>\n<li>Bericht Vorstand Sport und Jugend<\/li>\n<li>Bericht Vorstand Organisation<\/li>\n<li>Bericht Vorstand \u00d6ffentlichkeitsarbeit<\/li>\n<li>Bericht Vorstand Finanzen<\/li>\n<li>Bericht der Kassenpr\u00fcfer\/in<\/li>\n<li>Entlastung des Vorstands<\/li>\n<li>Neuwahlen<\/li>\n<li>Ehrungen<\/li>\n<li>Antr\u00e4ge<\/li>\n<li>Sonstiges<\/li>\n<\/ul>\n<p>Beginn ist um 19:00 im Sportheim Reudern.<br \/>\nAntr\u00e4ge m\u00fcssen bis sp\u00e4testens Freitag, 20.3. per mail an info@svreudern.de eingegangen sein.<br \/>\nDer Vorstand SV Reudern<\/p>\n<p><a href=\"https:\/\/www.facebook.com\/ttreudern\"><img loading=\"lazy\" decoding=\"async\" class=\"alignleft wp-image-1812 size-medium\" src=\"http:\/\/svreudern.de\/tischtennis\/wp-content\/uploads\/2022\/10\/facebook-300x300.png\" alt=\"\" width=\"300\" height=\"300\" srcset=\"https:\/\/svreudern.de\/tischtennis\/wp-content\/uploads\/2022\/10\/facebook-300x300.png 300w, https:\/\/svreudern.de\/tischtennis\/wp-content\/uploads\/2022\/10\/facebook-1024x1024.png 1024w, https:\/\/svreudern.de\/tischtennis\/wp-content\/uploads\/2022\/10\/facebook-150x150.png 150w, https:\/\/svreudern.de\/tischtennis\/wp-content\/uploads\/2022\/10\/facebook-768x768.png 768w, https:\/\/svreudern.de\/tischtennis\/wp-content\/uploads\/2022\/10\/facebook.png 1110w\" sizes=\"auto, (max-width: 300px) 100vw, 300px\" \/><\/a><a href=\"https:\/\/www.instagram.com\/ttreudern\"><img loading=\"lazy\" decoding=\"async\" class=\"alignleft wp-image-1811 size-medium\" src=\"http:\/\/svreudern.de\/tischtennis\/wp-content\/uploads\/2022\/10\/insta-300x300.png\" alt=\"\" width=\"300\" height=\"300\" srcset=\"https:\/\/svreudern.de\/tischtennis\/wp-content\/uploads\/2022\/10\/insta-300x300.png 300w, https:\/\/svreudern.de\/tischtennis\/wp-content\/uploads\/2022\/10\/insta-1024x1024.png 1024w, https:\/\/svreudern.de\/tischtennis\/wp-content\/uploads\/2022\/10\/insta-150x150.png 150w, https:\/\/svreudern.de\/tischtennis\/wp-content\/uploads\/2022\/10\/insta-768x768.png 768w, https:\/\/svreudern.de\/tischtennis\/wp-content\/uploads\/2022\/10\/insta.png 1110w\" sizes=\"auto, (max-width: 300px) 100vw, 300px\" \/><\/a><\/p>\n","protected":false},"excerpt":{"rendered":"<p>Hauptversammlung SV Reudern am 27. M\u00e4rz Am Freitag, 27. M\u00e4rz findet die diesj\u00e4hrige Hauptversammlung statt. Dazu laden wir alle Mitglieder unseres Vereins herzlich ein. Folgende Tagesordnung ist geplant: Begr\u00fc\u00dfung Totenehrung Bericht Vorstand Sport und Jugend Bericht Vorstand Organisation Bericht Vorstand \u00d6ffentlichkeitsarbeit Bericht Vorstand Finanzen Bericht der Kassenpr\u00fcfer\/in Entlastung des Vorstands Neuwahlen Ehrungen Antr\u00e4ge Sonstiges Beginn <a class=\"more-link\" href=\"https:\/\/svreudern.de\/tischtennis\/\">Mehr lesen&#8230;<\/a><\/p>\n","protected":false},"author":6,"featured_media":0,"parent":0,"menu_order":0,"comment_status":"closed","ping_status":"closed","template":"","meta":{"ngg_post_thumbnail":0,"footnotes":"","_links_to":"","_links_to_target":""},"class_list":["post-1822","page","type-page","status-publish","hentry"],"_links":{"self":[{"href":"https:\/\/svreudern.de\/tischtennis\/index.php?rest_route=\/wp\/v2\/pages\/1822","targetHints":{"allow":["GET"]}}],"collection":[{"href":"https:\/\/svreudern.de\/tischtennis\/index.php?rest_route=\/wp\/v2\/pages"}],"about":[{"href":"https:\/\/svreudern.de\/tischtennis\/index.php?rest_route=\/wp\/v2\/types\/page"}],"author":[{"embeddable":true,"href":"https:\/\/svreudern.de\/tischtennis\/index.php?rest_route=\/wp\/v2\/users\/6"}],"replies":[{"embeddable":true,"href":"https:\/\/svreudern.de\/tischtennis\/index.php?rest_route=%2Fwp%2Fv2%2Fcomments&post=1822"}],"version-history":[{"count":5,"href":"https:\/\/svreudern.de\/tischtennis\/index.php?rest_route=\/wp\/v2\/pages\/1822\/revisions"}],"predecessor-version":[{"id":1870,"href":"https:\/\/svreudern.de\/tischtennis\/index.php?rest_route=\/wp\/v2\/pages\/1822\/revisions\/1870"}],"wp:attachment":[{"href":"https:\/\/svreudern.de\/tischtennis\/index.php?rest_route=%2Fwp%2Fv2%2Fmedia&parent=1822"}],"curies":[{"name":"wp","href":"https:\/\/api.w.org\/{rel}","templated":true}]}}