{"id":359,"date":"2016-07-18T07:11:33","date_gmt":"2016-07-18T07:11:33","guid":{"rendered":"http:\/\/tt.richterreudern.de\/?page_id=359"},"modified":"2025-06-09T20:37:24","modified_gmt":"2025-06-09T18:37:24","slug":"tischtennis-in-reudern","status":"publish","type":"page","link":"https:\/\/svreudern.de\/tischtennis\/?page_id=359","title":{"rendered":"Abteilung"},"content":{"rendered":"<div id=\"c493\" class=\"csc-default\">\n<p class=\"bodytext\">Seit nunmehr fast 40 Jahren wird in Reudern, einer N\u00fcrtinger Teilgemeinde, das schnelle Spiel mit dem kleinen wei\u00dfen Ball betrieben.&nbsp;In den Anfangsjahren war man noch eine kleine Gruppe innerhalb der Leichtathletik-Abteilung. Aber 1984 gr\u00fcndeten dann Horst Nusser und seine Mitstreiter eine eigene Tischtennis-Abteilung innerhalb des Sportvereins Reudern.&nbsp;Die schnell steigende Mitgliederzahl erm\u00f6glichte die Meldung von zwei&nbsp;Mannschaften zum Punktspiel-Betrieb und f\u00fchrte schlie\u00dflich sogar zum Aufstieg in die Kreisliga.<\/p>\n<p class=\"bodytext\">Innerhalb der Abteilung wird der freundschaftliche und gesellige Umgang miteinander gro\u00df geschrieben, wobei nat\u00fcrlich auch der sportliche Ehrgeiz nicht fehlen darf.&nbsp;Mit der renovierten Gemeindehalle in der Ortsmitte von Reudern sind die besten Voraussetzungen zur Aus\u00fcbung des sch\u00f6nen Tischtennis-Sports gegeben.<\/p>\n<p class=\"bodytext\">Zu den Trainingsabenden montags und donnerstags werden immer wieder Gastspieler aus umliegenden Vereinen begr\u00fc\u00dft, welche die unkomplizierte und kameradschaftliche Atmosph\u00e4re in Reudern zu sch\u00e4tzen wissen.<\/p>\n<p class=\"bodytext\">Wer den Tischtennis-Sport und seine Akteure in Reudern kennen lernen m\u00f6chte, ist zu den Trainingsabenden jederzeit herzlich willkommen.<\/p>\n<\/div>\n<div id=\"c507\" class=\"csc-default\">\n<div>\n<h1 class=\"align-center\">Abteilungsleitung<\/h1>\n<\/div>\n<\/div>\n<div id=\"c506\" class=\"csc-default\">\n<p>&nbsp;<\/p>\n<table class=\"aligncenter\" style=\"border-collapse: collapse; width: 100%;\" border=\"1\" cellspacing=\"50\" cellpadding=\"50\">\n<tbody>\n<tr>\n<td style=\"text-align: center; width: 23.817%;\"><strong>Sport\/Jugend<\/strong><\/p>\n<p>Simon Andres<\/td>\n<td style=\"text-align: center; width: 25.8675%;\"><strong>Organisation<\/strong><\/p>\n<p>Marco Pfeffer<\/p>\n<p>Nathalie Wiedmann<\/td>\n<td style=\"vertical-align: middle; text-align: center; width: 22.2398%;\"><strong>Finanzen<\/strong><\/p>\n<p>Simon Besemer<\/td>\n<td style=\"text-align: center; width: 27.8391%;\"><strong>\u00d6ffentlichkeitsarbeit<\/strong><\/p>\n<p>Dennis Richter<\/td>\n<\/tr>\n<tr>\n<td style=\"text-align: center; width: 23.817%;\"><strong>Stellvertreter<\/strong><\/p>\n<p>Jason Berger<\/p>\n<p>Sandro Spalinger<\/td>\n<td style=\"text-align: center; width: 25.8675%;\"><strong>Stellvertreter<\/strong><\/p>\n<p>Erwin Str\u00e4hle<\/p>\n<p>Heinz Gmeiner<\/td>\n<td style=\"text-align: center; width: 22.2398%;\"><strong>Stellvertreter<\/strong><\/p>\n<p>Claudia Fiore<\/td>\n<td style=\"text-align: center; width: 27.8391%;\"><strong>Stellvertreter<\/strong><\/p>\n<p>Thomas B\u00f6tcher<\/td>\n<\/tr>\n<tr>\n<td style=\"text-align: center; width: 23.817%;\"><strong>Jugendleiter \/ Trainer<\/strong><\/p>\n<p>Jason Berger<\/p>\n<p>Sandro Spalinger<\/td>\n<td style=\"text-align: center; width: 25.8675%;\"><strong>Getr\u00e4nke- und Garagenwart<\/strong><\/p>\n<p>Sascha Gmeiner<\/p>\n<p>Nathalie Wiedmann<\/p>\n<p>Christian Gude<\/td>\n<td style=\"text-align: center; width: 22.2398%;\">&nbsp;<\/td>\n<td style=\"text-align: center; width: 27.8391%;\">&nbsp;<\/td>\n<\/tr>\n<tr>\n<td style=\"text-align: center; width: 23.817%;\"><strong>Mannschaftsf\u00fchrer <\/strong><strong>I. Mannschaft<\/strong><\/p>\n<p>Simon Andres<\/td>\n<td style=\"text-align: center; width: 25.8675%;\"><strong>Mannschaftsf\u00fchrer <\/strong><strong>II. Mannschaft<\/strong><\/p>\n<p>Erwin Str\u00e4hle<\/td>\n<td style=\"text-align: center; width: 22.2398%;\"><strong>Mannschaftsf\u00fchrer <\/strong><strong>III. Mannschaft<\/strong><\/p>\n<p>Sascha Gmeiner<\/td>\n<td style=\"text-align: center; width: 27.8391%;\"><strong>Mannschaftsf\u00fchrerin der Damenmannschaft<\/strong><\/p>\n<p>Nathalie Wiedmann<\/td>\n<\/tr>\n<\/tbody>\n<\/table>\n<\/div>\n","protected":false},"excerpt":{"rendered":"<p>Seit nunmehr fast 40 Jahren wird in Reudern, einer N\u00fcrtinger Teilgemeinde, das schnelle Spiel mit dem kleinen wei\u00dfen Ball betrieben.&nbsp;In den Anfangsjahren war man noch eine kleine Gruppe innerhalb der Leichtathletik-Abteilung. Aber 1984 gr\u00fcndeten dann Horst Nusser und seine Mitstreiter eine eigene Tischtennis-Abteilung innerhalb des Sportvereins Reudern.&nbsp;Die schnell steigende Mitgliederzahl erm\u00f6glichte die Meldung von zwei&nbsp;Mannschaften <a class=\"more-link\" href=\"https:\/\/svreudern.de\/tischtennis\/?page_id=359\">Mehr lesen&#8230;<\/a><\/p>\n","protected":false},"author":8,"featured_media":0,"parent":0,"menu_order":0,"comment_status":"closed","ping_status":"closed","template":"","meta":{"ngg_post_thumbnail":0,"footnotes":"","_links_to":"","_links_to_target":""},"class_list":["post-359","page","type-page","status-publish","hentry"],"_links":{"self":[{"href":"https:\/\/svreudern.de\/tischtennis\/index.php?rest_route=\/wp\/v2\/pages\/359","targetHints":{"allow":["GET"]}}],"collection":[{"href":"https:\/\/svreudern.de\/tischtennis\/index.php?rest_route=\/wp\/v2\/pages"}],"about":[{"href":"https:\/\/svreudern.de\/tischtennis\/index.php?rest_route=\/wp\/v2\/types\/page"}],"author":[{"embeddable":true,"href":"https:\/\/svreudern.de\/tischtennis\/index.php?rest_route=\/wp\/v2\/users\/8"}],"replies":[{"embeddable":true,"href":"https:\/\/svreudern.de\/tischtennis\/index.php?rest_route=%2Fwp%2Fv2%2Fcomments&post=359"}],"version-history":[{"count":44,"href":"https:\/\/svreudern.de\/tischtennis\/index.php?rest_route=\/wp\/v2\/pages\/359\/revisions"}],"predecessor-version":[{"id":1865,"href":"https:\/\/svreudern.de\/tischtennis\/index.php?rest_route=\/wp\/v2\/pages\/359\/revisions\/1865"}],"wp:attachment":[{"href":"https:\/\/svreudern.de\/tischtennis\/index.php?rest_route=%2Fwp%2Fv2%2Fmedia&parent=359"}],"curies":[{"name":"wp","href":"https:\/\/api.w.org\/{rel}","templated":true}]}}